{"id":3197,"date":"2023-10-24T10:55:54","date_gmt":"2023-10-24T08:55:54","guid":{"rendered":"https:\/\/vexcosolutions.com\/login\/"},"modified":"2023-12-11T12:06:43","modified_gmt":"2023-12-11T11:06:43","slug":"login","status":"publish","type":"page","link":"https:\/\/vexcosolutions.com\/es\/login\/","title":{"rendered":"Login"},"content":{"rendered":"<div data-elementor-type=\"wp-page\" data-elementor-id=\"3197\" class=\"elementor elementor-3197\" data-elementor-post-type=\"page\">\n\t\t\t\t\t\t<section class=\"elementor-section elementor-top-section elementor-element elementor-element-4d1c88b7 elementor-section-boxed elementor-section-height-default elementor-section-height-default\" data-id=\"4d1c88b7\" data-element_type=\"section\" data-e-type=\"section\">\n\t\t\t\t\t\t<div class=\"elementor-container elementor-column-gap-default\">\n\t\t\t\t\t<div class=\"elementor-column elementor-col-100 elementor-top-column elementor-element elementor-element-ff3b2ba\" data-id=\"ff3b2ba\" data-element_type=\"column\" data-e-type=\"column\">\n\t\t\t<div class=\"elementor-widget-wrap\">\n\t\t\t\t\t\t\t<\/div>\n\t\t<\/div>\n\t\t\t\t\t<\/div>\n\t\t<\/section>\n\t\t\t\t<section class=\"elementor-section elementor-top-section elementor-element elementor-element-0cf3468 elementor-section-content-middle elementor-section-boxed elementor-section-height-default elementor-section-height-default\" data-id=\"0cf3468\" data-element_type=\"section\" data-e-type=\"section\" data-settings=\"{&quot;background_background&quot;:&quot;gradient&quot;}\">\n\t\t\t\t\t\t<div class=\"elementor-container elementor-column-gap-default\">\n\t\t\t\t\t<div class=\"elementor-column elementor-col-50 elementor-top-column elementor-element elementor-element-12198b1\" data-id=\"12198b1\" data-element_type=\"column\" data-e-type=\"column\">\n\t\t\t<div class=\"elementor-widget-wrap elementor-element-populated\">\n\t\t\t\t\t\t<div class=\"elementor-element elementor-element-8dd761d elementor-widget elementor-widget-heading\" data-id=\"8dd761d\" data-element_type=\"widget\" data-e-type=\"widget\" data-widget_type=\"heading.default\">\n\t\t\t\t<div class=\"elementor-widget-container\">\n\t\t\t\t\t<h2 class=\"elementor-heading-title elementor-size-default\">Vexco Academy<\/h2>\t\t\t\t<\/div>\n\t\t\t\t<\/div>\n\t\t\t\t<div class=\"elementor-element elementor-element-eb9d6e5 elementor-widget elementor-widget-heading\" data-id=\"eb9d6e5\" data-element_type=\"widget\" data-e-type=\"widget\" data-widget_type=\"heading.default\">\n\t\t\t\t<div class=\"elementor-widget-container\">\n\t\t\t\t\t<h2 class=\"elementor-heading-title elementor-size-default\">Sing in into your account \u27a1\ufe0f<\/h2>\t\t\t\t<\/div>\n\t\t\t\t<\/div>\n\t\t\t\t\t<\/div>\n\t\t<\/div>\n\t\t\t\t<div class=\"elementor-column elementor-col-50 elementor-top-column elementor-element elementor-element-43d242d\" data-id=\"43d242d\" data-element_type=\"column\" data-e-type=\"column\">\n\t\t\t<div class=\"elementor-widget-wrap elementor-element-populated\">\n\t\t\t\t\t\t<section class=\"elementor-section elementor-inner-section elementor-element elementor-element-c56da6d elementor-section-content-middle elementor-section-boxed elementor-section-height-default elementor-section-height-default\" data-id=\"c56da6d\" data-element_type=\"section\" data-e-type=\"section\" data-settings=\"{&quot;background_background&quot;:&quot;classic&quot;}\">\n\t\t\t\t\t\t<div class=\"elementor-container elementor-column-gap-default\">\n\t\t\t\t\t<div class=\"elementor-column elementor-col-100 elementor-inner-column elementor-element elementor-element-0da71bc\" data-id=\"0da71bc\" data-element_type=\"column\" data-e-type=\"column\">\n\t\t\t<div class=\"elementor-widget-wrap elementor-element-populated\">\n\t\t\t\t\t\t<div class=\"elementor-element elementor-element-22f3e98 elementor-widget elementor-widget-shortcode\" data-id=\"22f3e98\" data-element_type=\"widget\" data-e-type=\"widget\" data-widget_type=\"shortcode.default\">\n\t\t\t\t<div class=\"elementor-widget-container\">\n\t\t\t\t\t\t\t<div class=\"elementor-shortcode\">\n<div class=\"um um-login um-3193\">\n\t<div class=\"um-form\">\n\t\t<form method=\"post\" action=\"\" autocomplete=\"off\" data-trp-original-action=\"\">\n\t\t\t<div class=\"um-row _um_row_1\" style=\"margin: 0 0 30px 0;\"><div class=\"um-col-1\"><div  id=\"um_field_3193_username\" class=\"um-field um-field-text  um-field-username um-field-text um-field-type_text\" data-key=\"username\"><div class=\"um-field-label\"><label for=\"username-3193\">Nombre de usuario o correo electr\u00f3nico:<\/label><div class=\"um-clear\"><\/div><\/div><div class=\"um-field-area\"><input  autocomplete=\"off\" class=\"um-form-field valid\" type=\"text\" name=\"username-3193\" id=\"username-3193\" value=\"\" placeholder=\"\" data-validate=\"unique_username_or_email\" data-key=\"username\"  aria-invalid=\"false\" \/>\n\n\t\t\t\t\t\t<\/div><\/div><div  id=\"um_field_3193_user_password\" class=\"um-field um-field-password  um-field-user_password um-field-password um-field-type_password\" data-key=\"user_password\"><div class=\"um-field-label\"><label for=\"user_password-3193\">Contrase\u00f1a<\/label><div class=\"um-clear\"><\/div><\/div><div class=\"um-field-area\"><input class=\"um-form-field valid\" type=\"password\" name=\"user_password-3193\" id=\"user_password-3193\" value=\"\" placeholder=\"\" data-validate=\"\" data-key=\"user_password\"  aria-invalid=\"false\" \/>\n\n\t\t\t\t\t\t\t<\/div><\/div><\/div><\/div>\t<input type=\"hidden\" name=\"form_id\" id=\"form_id_3193\" value=\"3193\" \/>\n\t\t<p class=\"um_request_name\">\n\t\t<label for=\"um_request_3193\">Only fill in if you are not human<\/label>\n\t\t<input type=\"hidden\" name=\"um_request\" id=\"um_request_3193\" class=\"input\" value=\"\" size=\"25\" autocomplete=\"off\" \/>\n\t<\/p>\n\t<input type=\"hidden\" id=\"_wpnonce\" name=\"_wpnonce\" value=\"869cebb850\" \/><input type=\"hidden\" name=\"_wp_http_referer\" value=\"\/es\/wp-json\/wp\/v2\/pages\/3197\" \/>\n\t<div class=\"um-col-alt\">\n\n\t\t\n\n\t\t\t<div class=\"um-field um-field-c\">\n\t\t\t\t<div class=\"um-field-area\">\n\t\t\t\t\t<label class=\"um-field-checkbox\">\n\t\t\t\t\t\t<input type=\"checkbox\" name=\"rememberme\" value=\"1\"  \/>\n\t\t\t\t\t\t<span class=\"um-field-checkbox-state\"><i class=\"um-icon-android-checkbox-outline-blank\"><\/i><\/span>\n\t\t\t\t\t\t<span class=\"um-field-checkbox-option\"> Mantenerme conectado<\/span>\n\t\t\t\t\t<\/label>\n\t\t\t\t<\/div>\n\t\t\t<\/div>\n\n\t\t\t\t\t\t<div class=\"um-clear\"><\/div>\n\t\t\n\t\t\t<div class=\"um-left um-half\">\n\t\t\t\t<input type=\"submit\" value=\"Acceder\" class=\"um-button\" id=\"um-submit-btn\" \/>\n\t\t\t<\/div>\n\t\t\t<div class=\"um-right um-half\">\n\t\t\t\t<a href=\"https:\/\/vexcosolutions.com\/es\/register\/\" class=\"um-button um-alt\">\n\t\t\t\t\tRegistro\t\t\t\t<\/a>\n\t\t\t<\/div>\n\n\t\t\n\t\t<div class=\"um-clear\"><\/div>\n\n\t<\/div>\n\n\t\n\t<div class=\"um-col-alt-b\">\n\t\t<a href=\"https:\/\/vexcosolutions.com\/es\/password-reset\/\" class=\"um-link-alt\">\n\t\t\t\u00bfHas olvidado tu contrase\u00f1a?\t\t<\/a>\n\t<\/div>\n\n\t\t\t<input type=\"hidden\" name=\"trp-form-language\" value=\"es\"\/><\/form>\n\t<\/div>\n<\/div>\n<style>\n\t\t\t.um-3193.um {\n\t\t\tmax-width: 450px;\n\t\t}\n\t\t<\/style>\n<\/div>\n\t\t\t\t\t\t<\/div>\n\t\t\t\t<\/div>\n\t\t\t\t\t<\/div>\n\t\t<\/div>\n\t\t\t\t\t<\/div>\n\t\t<\/section>\n\t\t\t\t\t<\/div>\n\t\t<\/div>\n\t\t\t\t\t<\/div>\n\t\t<\/section>\n\t\t\t\t<\/div>","protected":false},"excerpt":{"rendered":"<p>Vexco Academy Sing in into your account \u27a1\ufe0f<\/p>","protected":false},"author":231275767,"featured_media":0,"parent":0,"menu_order":0,"comment_status":"closed","ping_status":"closed","template":"elementor_canvas","meta":{"_crdt_document":"","content-type":"","_uag_custom_page_level_css":"","site-sidebar-layout":"default","site-content-layout":"","ast-site-content-layout":"default","site-content-style":"default","site-sidebar-style":"default","ast-global-header-display":"","ast-banner-title-visibility":"","ast-main-header-display":"","ast-hfb-above-header-display":"","ast-hfb-below-header-display":"","ast-hfb-mobile-header-display":"","site-post-title":"","ast-breadcrumbs-content":"","ast-featured-img":"","footer-sml-layout":"","ast-disable-related-posts":"","theme-transparent-header-meta":"","adv-header-id-meta":"","stick-header-meta":"","header-above-stick-meta":"","header-main-stick-meta":"","header-below-stick-meta":"","astra-migrate-meta-layouts":"default","ast-page-background-enabled":"default","ast-page-background-meta":{"desktop":{"background-color":"","background-image":"","background-repeat":"repeat","background-position":"center center","background-size":"auto","background-attachment":"scroll","background-type":"","background-media":"","overlay-type":"","overlay-color":"","overlay-opacity":"","overlay-gradient":""},"tablet":{"background-color":"","background-image":"","background-repeat":"repeat","background-position":"center center","background-size":"auto","background-attachment":"scroll","background-type":"","background-media":"","overlay-type":"","overlay-color":"","overlay-opacity":"","overlay-gradient":""},"mobile":{"background-color":"","background-image":"","background-repeat":"repeat","background-position":"center center","background-size":"auto","background-attachment":"scroll","background-type":"","background-media":"","overlay-type":"","overlay-color":"","overlay-opacity":"","overlay-gradient":""}},"ast-content-background-meta":{"desktop":{"background-color":"var(--ast-global-color-5)","background-image":"","background-repeat":"repeat","background-position":"center center","background-size":"auto","background-attachment":"scroll","background-type":"","background-media":"","overlay-type":"","overlay-color":"","overlay-opacity":"","overlay-gradient":""},"tablet":{"background-color":"var(--ast-global-color-5)","background-image":"","background-repeat":"repeat","background-position":"center center","background-size":"auto","background-attachment":"scroll","background-type":"","background-media":"","overlay-type":"","overlay-color":"","overlay-opacity":"","overlay-gradient":""},"mobile":{"background-color":"var(--ast-global-color-5)","background-image":"","background-repeat":"repeat","background-position":"center center","background-size":"auto","background-attachment":"scroll","background-type":"","background-media":"","overlay-type":"","overlay-color":"","overlay-opacity":"","overlay-gradient":""}},"footnotes":""},"class_list":["post-3197","page","type-page","status-publish","hentry"],"yoast_head":"<!-- This site is optimized with the Yoast SEO plugin v27.5 - https:\/\/yoast.com\/product\/yoast-seo-wordpress\/ -->\n<title>Login | VEXCO<\/title>\n<meta name=\"robots\" content=\"index, follow, max-snippet:-1, max-image-preview:large, max-video-preview:-1\" \/>\n<link rel=\"canonical\" href=\"https:\/\/vexcosolutions.com\/es\/login\/\" \/>\n<meta property=\"og:locale\" content=\"es_ES\" \/>\n<meta property=\"og:type\" content=\"article\" \/>\n<meta property=\"og:title\" content=\"Login | VEXCO\" \/>\n<meta property=\"og:description\" content=\"Vexco Academy Sing in into your account \u27a1\ufe0f\" \/>\n<meta property=\"og:url\" content=\"https:\/\/vexcosolutions.com\/es\/login\/\" \/>\n<meta property=\"og:site_name\" content=\"VEXCO\" \/>\n<meta property=\"article:modified_time\" content=\"2023-12-11T11:06:43+00:00\" \/>\n<meta name=\"twitter:card\" content=\"summary_large_image\" \/>\n<meta name=\"twitter:label1\" content=\"Tiempo de lectura\" \/>\n\t<meta name=\"twitter:data1\" content=\"1 minuto\" \/>\n<script type=\"application\/ld+json\" class=\"yoast-schema-graph\">{\"@context\":\"https:\\\/\\\/schema.org\",\"@graph\":[{\"@type\":\"WebPage\",\"@id\":\"https:\\\/\\\/vexcosolutions.com\\\/login\\\/\",\"url\":\"https:\\\/\\\/vexcosolutions.com\\\/login\\\/\",\"name\":\"Login | VEXCO\",\"isPartOf\":{\"@id\":\"https:\\\/\\\/vexcosolutions.com\\\/#website\"},\"datePublished\":\"2023-10-24T08:55:54+00:00\",\"dateModified\":\"2023-12-11T11:06:43+00:00\",\"breadcrumb\":{\"@id\":\"https:\\\/\\\/vexcosolutions.com\\\/login\\\/#breadcrumb\"},\"inLanguage\":\"es\",\"potentialAction\":[{\"@type\":\"ReadAction\",\"target\":[\"https:\\\/\\\/vexcosolutions.com\\\/login\\\/\"]}]},{\"@type\":\"BreadcrumbList\",\"@id\":\"https:\\\/\\\/vexcosolutions.com\\\/login\\\/#breadcrumb\",\"itemListElement\":[{\"@type\":\"ListItem\",\"position\":1,\"name\":\"Portada\",\"item\":\"https:\\\/\\\/vexcosolutions.com\\\/\"},{\"@type\":\"ListItem\",\"position\":2,\"name\":\"Login\"}]},{\"@type\":\"WebSite\",\"@id\":\"https:\\\/\\\/vexcosolutions.com\\\/#website\",\"url\":\"https:\\\/\\\/vexcosolutions.com\\\/\",\"name\":\"VEXCO\",\"description\":\"Igniting Success through CRM Expertise\",\"publisher\":{\"@id\":\"https:\\\/\\\/vexcosolutions.com\\\/#organization\"},\"potentialAction\":[{\"@type\":\"SearchAction\",\"target\":{\"@type\":\"EntryPoint\",\"urlTemplate\":\"https:\\\/\\\/vexcosolutions.com\\\/?s={search_term_string}\"},\"query-input\":{\"@type\":\"PropertyValueSpecification\",\"valueRequired\":true,\"valueName\":\"search_term_string\"}}],\"inLanguage\":\"es\"},{\"@type\":\"Organization\",\"@id\":\"https:\\\/\\\/vexcosolutions.com\\\/#organization\",\"name\":\"Vex\",\"url\":\"https:\\\/\\\/vexcosolutions.com\\\/\",\"logo\":{\"@type\":\"ImageObject\",\"inLanguage\":\"es\",\"@id\":\"https:\\\/\\\/vexcosolutions.com\\\/#\\\/schema\\\/logo\\\/image\\\/\",\"url\":\"https:\\\/\\\/i0.wp.com\\\/vexcosolutions.com\\\/wp-content\\\/uploads\\\/2023\\\/06\\\/VEXCO-removebg-preview.png?fit=871%2C286&ssl=1\",\"contentUrl\":\"https:\\\/\\\/i0.wp.com\\\/vexcosolutions.com\\\/wp-content\\\/uploads\\\/2023\\\/06\\\/VEXCO-removebg-preview.png?fit=871%2C286&ssl=1\",\"width\":871,\"height\":286,\"caption\":\"Vex\"},\"image\":{\"@id\":\"https:\\\/\\\/vexcosolutions.com\\\/#\\\/schema\\\/logo\\\/image\\\/\"},\"sameAs\":[\"https:\\\/\\\/www.linkedin.com\\\/company\\\/vexco-solutions\\\/?originalSubdomain=es\"]}]}<\/script>\n<!-- \/ Yoast SEO plugin. -->","yoast_head_json":{"title":"Login | VEXCO","robots":{"index":"index","follow":"follow","max-snippet":"max-snippet:-1","max-image-preview":"max-image-preview:large","max-video-preview":"max-video-preview:-1"},"canonical":"https:\/\/vexcosolutions.com\/es\/login\/","og_locale":"es_ES","og_type":"article","og_title":"Login | VEXCO","og_description":"Vexco Academy Sing in into your account \u27a1\ufe0f","og_url":"https:\/\/vexcosolutions.com\/es\/login\/","og_site_name":"VEXCO","article_modified_time":"2023-12-11T11:06:43+00:00","twitter_card":"summary_large_image","twitter_misc":{"Tiempo de lectura":"1 minuto"},"schema":{"@context":"https:\/\/schema.org","@graph":[{"@type":"WebPage","@id":"https:\/\/vexcosolutions.com\/login\/","url":"https:\/\/vexcosolutions.com\/login\/","name":"Login | VEXCO","isPartOf":{"@id":"https:\/\/vexcosolutions.com\/#website"},"datePublished":"2023-10-24T08:55:54+00:00","dateModified":"2023-12-11T11:06:43+00:00","breadcrumb":{"@id":"https:\/\/vexcosolutions.com\/login\/#breadcrumb"},"inLanguage":"es","potentialAction":[{"@type":"ReadAction","target":["https:\/\/vexcosolutions.com\/login\/"]}]},{"@type":"BreadcrumbList","@id":"https:\/\/vexcosolutions.com\/login\/#breadcrumb","itemListElement":[{"@type":"ListItem","position":1,"name":"Portada","item":"https:\/\/vexcosolutions.com\/"},{"@type":"ListItem","position":2,"name":"Login"}]},{"@type":"WebSite","@id":"https:\/\/vexcosolutions.com\/#website","url":"https:\/\/vexcosolutions.com\/","name":"VEXCO","description":"Igniting Success through CRM Expertise","publisher":{"@id":"https:\/\/vexcosolutions.com\/#organization"},"potentialAction":[{"@type":"SearchAction","target":{"@type":"EntryPoint","urlTemplate":"https:\/\/vexcosolutions.com\/?s={search_term_string}"},"query-input":{"@type":"PropertyValueSpecification","valueRequired":true,"valueName":"search_term_string"}}],"inLanguage":"es"},{"@type":"Organization","@id":"https:\/\/vexcosolutions.com\/#organization","name":"Vex","url":"https:\/\/vexcosolutions.com\/","logo":{"@type":"ImageObject","inLanguage":"es","@id":"https:\/\/vexcosolutions.com\/#\/schema\/logo\/image\/","url":"https:\/\/i0.wp.com\/vexcosolutions.com\/wp-content\/uploads\/2023\/06\/VEXCO-removebg-preview.png?fit=871%2C286&ssl=1","contentUrl":"https:\/\/i0.wp.com\/vexcosolutions.com\/wp-content\/uploads\/2023\/06\/VEXCO-removebg-preview.png?fit=871%2C286&ssl=1","width":871,"height":286,"caption":"Vex"},"image":{"@id":"https:\/\/vexcosolutions.com\/#\/schema\/logo\/image\/"},"sameAs":["https:\/\/www.linkedin.com\/company\/vexco-solutions\/?originalSubdomain=es"]}]}},"uagb_featured_image_src":{"full":false,"thumbnail":false,"medium":false,"medium_large":false,"large":false,"1536x1536":false,"2048x2048":false,"trp-custom-language-flag":false,"newspack-article-block-landscape-large":false,"newspack-article-block-portrait-large":false,"newspack-article-block-square-large":false,"newspack-article-block-landscape-medium":false,"newspack-article-block-portrait-medium":false,"newspack-article-block-square-medium":false,"newspack-article-block-landscape-intermediate":false,"newspack-article-block-portrait-intermediate":false,"newspack-article-block-square-intermediate":false,"newspack-article-block-landscape-small":false,"newspack-article-block-portrait-small":false,"newspack-article-block-square-small":false,"newspack-article-block-landscape-tiny":false,"newspack-article-block-portrait-tiny":false,"newspack-article-block-square-tiny":false,"newspack-article-block-uncropped":false},"uagb_author_info":{"display_name":"Vexco Solutions","author_link":"https:\/\/vexcosolutions.com\/es\/author\/xaviadmin\/"},"uagb_comment_info":0,"uagb_excerpt":"Vexco Academy Sing in into your account \u27a1\ufe0f","jetpack_likes_enabled":true,"jetpack_sharing_enabled":true,"jetpack_shortlink":"https:\/\/wp.me\/PeyTDy-Pz","jetpack-related-posts":[{"id":3196,"url":"https:\/\/vexcosolutions.com\/es\/user\/","url_meta":{"origin":3197,"position":0},"title":"User","author":"Vexco Solutions","date":"24th octubre 2023","format":false,"excerpt":"","rel":"","context":"Entrada similar","block_context":{"text":"Entrada similar","link":""},"img":{"alt_text":"","src":"","width":0,"height":0},"classes":[]},{"id":3198,"url":"https:\/\/vexcosolutions.com\/es\/register\/","url_meta":{"origin":3197,"position":1},"title":"Register","author":"Vexco Solutions","date":"24th octubre 2023","format":false,"excerpt":"","rel":"","context":"Entrada similar","block_context":{"text":"Entrada similar","link":""},"img":{"alt_text":"","src":"","width":0,"height":0},"classes":[]},{"id":3199,"url":"https:\/\/vexcosolutions.com\/es\/members\/","url_meta":{"origin":3197,"position":2},"title":"Members","author":"Vexco Solutions","date":"24th octubre 2023","format":false,"excerpt":"","rel":"","context":"Entrada similar","block_context":{"text":"Entrada similar","link":""},"img":{"alt_text":"","src":"","width":0,"height":0},"classes":[]},{"id":3783,"url":"https:\/\/vexcosolutions.com\/es\/vexco-academia\/","url_meta":{"origin":3197,"position":3},"title":"Vexco Academia","author":"Vexco Solutions","date":"22nd diciembre 2023","format":false,"excerpt":"Vexco Academy We present the Vexco Academy! \ud83d\udcbb https:\/\/www.youtube.com\/watch?v=phAuOWoCKR0 Yes, we love our clients. And we know it's not easy to learn HubSpot from scratch, that\u2019s why we created the Vexco Academy. A place where you will learn the basics of Hubspot with real examples. Life is hard, but HubSpot\u2026","rel":"","context":"Entrada similar","block_context":{"text":"Entrada similar","link":""},"img":{"alt_text":"","src":"https:\/\/i0.wp.com\/img.youtube.com\/vi\/phAuOWoCKR0\/0.jpg?resize=350%2C200","width":350,"height":200},"classes":[]},{"id":3251,"url":"https:\/\/vexcosolutions.com\/es\/vexco-academy\/","url_meta":{"origin":3197,"position":4},"title":"Vexco Academy","author":"Vexco Solutions","date":"2nd noviembre 2023","format":false,"excerpt":"Vexco Academy Vexco Academy Introducci\u00f3n Integraci\u00f3n Automatizaci\u00f3n Data Marketing Ventas Service Casos pr\u00e1cticos Introducci\u00f3n Introducci\u00f3n a Hubspot 6 Videos Introducci\u00f3n a HubSpot 1:13 Definici\u00f3n de objetos 2:50 Barra de men\u00fas 9:55 Funnel de ventas 12:38 Configuraci\u00f3n general 9:05 Mercado de aplicaciones 9:05 Integraci\u00f3n Introducci\u00f3n a Hubspot 7 Videos A\u00f1adir usuarios\u2026","rel":"","context":"Entrada similar","block_context":{"text":"Entrada similar","link":""},"img":{"alt_text":"","src":"","width":0,"height":0},"classes":[]},{"id":3201,"url":"https:\/\/vexcosolutions.com\/es\/account\/","url_meta":{"origin":3197,"position":5},"title":"Account","author":"Vexco Solutions","date":"24th octubre 2023","format":false,"excerpt":"","rel":"","context":"Entrada similar","block_context":{"text":"Entrada similar","link":""},"img":{"alt_text":"","src":"","width":0,"height":0},"classes":[]}],"_links":{"self":[{"href":"https:\/\/vexcosolutions.com\/es\/wp-json\/wp\/v2\/pages\/3197","targetHints":{"allow":["GET"]}}],"collection":[{"href":"https:\/\/vexcosolutions.com\/es\/wp-json\/wp\/v2\/pages"}],"about":[{"href":"https:\/\/vexcosolutions.com\/es\/wp-json\/wp\/v2\/types\/page"}],"author":[{"embeddable":true,"href":"https:\/\/vexcosolutions.com\/es\/wp-json\/wp\/v2\/users\/231275767"}],"replies":[{"embeddable":true,"href":"https:\/\/vexcosolutions.com\/es\/wp-json\/wp\/v2\/comments?post=3197"}],"version-history":[{"count":14,"href":"https:\/\/vexcosolutions.com\/es\/wp-json\/wp\/v2\/pages\/3197\/revisions"}],"predecessor-version":[{"id":3736,"href":"https:\/\/vexcosolutions.com\/es\/wp-json\/wp\/v2\/pages\/3197\/revisions\/3736"}],"wp:attachment":[{"href":"https:\/\/vexcosolutions.com\/es\/wp-json\/wp\/v2\/media?parent=3197"}],"curies":[{"name":"wp","href":"https:\/\/api.w.org\/{rel}","templated":true}]}}